{"id":15,"date":"2025-05-22T00:30:41","date_gmt":"2025-05-22T00:30:41","guid":{"rendered":"https:\/\/airfryerchickenwings.com\/fr\/?page_id=15"},"modified":"2025-05-22T00:30:41","modified_gmt":"2025-05-22T00:30:41","slug":"politique-de-conservation","status":"publish","type":"page","link":"https:\/\/airfryerchickenwings.com\/fr\/politique-de-conservation\/","title":{"rendered":"POLITIQUE DE CONSERVATION"},"content":{"rendered":"<p>Chez airfryerchickenwings.com, nous accordons une grande importance \u00e0 la qualit\u00e9 du contenu pour nos lecteurs. C&rsquo;est pourquoi nous s\u00e9lectionnons ou extrayons r\u00e9guli\u00e8rement du contenu provenant de sources web de qualit\u00e9.<\/p>\n<p>Internet a \u00e9t\u00e9 cr\u00e9\u00e9 sur la base des liens, du partage et de la recommandation de contenu de qualit\u00e9 provenant d&rsquo;autres sources. La s\u00e9lection consiste \u00e0 trouver du contenu de qualit\u00e9, bien \u00e9crit et pertinent pour nos lecteurs.<\/p>\n<p>En s\u00e9lectionnant du contenu provenant de votre site, nous lui accordons notre approbation. Cela signifie non seulement que nous en extrayons, mais aussi que nous le recommandons vivement et que nous encourageons nos lecteurs \u00e0 le consulter sur votre site web gr\u00e2ce \u00e0 un lien direct vers votre source.<\/p>\n<p>Notre s\u00e9lection est con\u00e7ue pour rediriger nos lecteurs vers votre site et vous permettre de d\u00e9couvrir votre contenu de qualit\u00e9 \u00e0 de nouveaux visiteurs.<\/p>\n<p>Nous avons s\u00e9lectionn\u00e9 votre contenu car il \u00e9tait exceptionnel.<\/p>\n<p>Si vous ne souhaitez pas que nous s\u00e9lectionnions le contenu de votre site web, contactez-nous et demandez le retrait de votre article.<\/p>\n<p>Nous acc\u00e9derons rapidement \u00e0 votre demande de retrait et vous ajouterons \u00e0 notre liste de sites dont il ne faut jamais extraire d&rsquo;extraits.<\/p>\n<p>La plupart des \u00e9diteurs et sites web sont ravis de b\u00e9n\u00e9ficier d&rsquo;une visibilit\u00e9 et d&rsquo;un lectorat accrus pour leur contenu gr\u00e2ce \u00e0 notre curation.<\/p>\n<p>Politique de curation\u00a0:<\/p>\n<p>La plupart des \u00e9diteurs en ligne reconnaissent l&rsquo;importance de voir leurs articles et articles\u00a0:<\/p>\n<p>cit\u00e9s<br \/>\ncomment\u00e9s<br \/>\nd\u00e9battus<br \/>\ndiscut\u00e9s<br \/>\nli\u00e9s<br \/>\nde voir de nouveaux lecteurs d\u00e9couvrir leurs articles.<br \/>\nLe partage de contenu de qualit\u00e9 sur les r\u00e9seaux sociaux accro\u00eet sa port\u00e9e, son impact, son trafic et, in fine, les b\u00e9n\u00e9fices du site web de l&rsquo;\u00e9diteur d&rsquo;origine.<\/p>\n<p>Nous extrayons votre contenu pour informer nos visiteurs et leur indiquer la source originale de l&rsquo;extrait.<\/p>\n<p>Nous souhaitons que nos lecteurs d\u00e9couvrent et consultent votre contenu et votre site web. Nous souhaitons que vous soyez plus que satisfaits que nous ayons cit\u00e9, r\u00e9f\u00e9renc\u00e9 ou utilis\u00e9 votre contenu.<\/p>\n<p>Les normes, pratiques et d\u00e9cisions juridiques relatives \u00e0 l&rsquo;\u00ab\u00a0usage loyal\u00a0\u00bb \u00e9voluent constamment en ligne. Nous aimons penser que nos normes vont bien au-del\u00e0 de l&rsquo;interpr\u00e9tation strictement juridique de l&rsquo;usage loyal.<\/p>\n<p>Nos normes sont plus strictes que l&rsquo;\u00ab\u00a0usage \u00e9quitable\u00a0\u00bb. Nous visons une \u00ab\u00a0utilisation enthousiaste\u00a0\u00bb.<\/p>\n<p>Si vous n&rsquo;\u00eates pas ravi(e) d&rsquo;\u00eatre extrait(e) et d&rsquo;\u00eatre redirig\u00e9(e) vers notre site, n&rsquo;h\u00e9sitez pas \u00e0 nous le faire savoir. Nous corrigerons imm\u00e9diatement la situation.<\/p>\n<p>Nous extrayons votre contenu de la m\u00eame mani\u00e8re que nous esp\u00e9rons que d&rsquo;autres personnes le feront.<\/p>\n<p>Si vous aimez un article de notre site, n&rsquo;h\u00e9sitez pas \u00e0 l&rsquo;extraire aussi g\u00e9n\u00e9reusement que vous le souhaitez. En \u00e9change, veuillez nous cr\u00e9diter clairement, inclure un lien vers la page d&rsquo;origine et encourager les lecteurs int\u00e9ress\u00e9s \u00e0 visiter notre page web originale.<\/p>\n<p>Utilisez autant de contenu que vous pensez que vos lecteurs appr\u00e9cieront. Il vous suffit d&rsquo;ajouter un lien, de citer le contenu et d&rsquo;encourager le lecteur \u00e0 visiter le site d&rsquo;origine.<\/p>\n<p>C&rsquo;est notre m\u00e9tier.<br \/>\nC&rsquo;est ce qui a construit Internet.<br \/>\nC&rsquo;est l&rsquo;essence m\u00eame du partage social.<br \/>\nTout le monde b\u00e9n\u00e9ficie du partage de contenu conform\u00e9ment \u00e0 cette politique.<br \/>\nPlus important encore\u2026<\/p>\n<p>Les normes de partage, de curation et d&rsquo;extraits sont en constante \u00e9volution en ligne. Nos normes peuvent tr\u00e8s bien diff\u00e9rer des v\u00f4tres.<\/p>\n<p>Si vous souhaitez que nous soyons encore plus g\u00e9n\u00e9reux en mati\u00e8re de liens et de cr\u00e9dits, n&rsquo;h\u00e9sitez pas \u00e0 nous le faire savoir. Si vous pensez que votre article comporte trop d&rsquo;extraits, n&rsquo;h\u00e9sitez pas \u00e0 nous le faire savoir.<\/p>\n<p>Nous corrigerons le probl\u00e8me rapidement.<\/p>\n<p>Pour toute question concernant les politiques d\u00e9crites ici, utilisez notre formulaire de contact.<\/p>\n<p>Nous publions \u00e9galement du contenu g\u00e9n\u00e9r\u00e9 par les utilisateurs. Nous demandons aux utilisateurs de notre site web de suivre ces directives de s\u00e9lection, mais nous ne pouvons pas contr\u00f4ler chaque soumission.<\/p>\n<p>Si vous \u00eates titulaire de droits d&rsquo;auteur et souhaitez que du contenu soit retir\u00e9 de notre site, veuillez consulter notre politique DMCA (Digital Millennium Copyright Act) et notre proc\u00e9dure de retrait.<\/p>\n","protected":false},"excerpt":{"rendered":"<p>Chez airfryerchickenwings.com, nous accordons une grande importance \u00e0 la qualit\u00e9 du contenu pour nos lecteurs. C&rsquo;est pourquoi nous s\u00e9lectionnons ou extrayons r\u00e9guli\u00e8rement du contenu provenant de sources web de qualit\u00e9. &#8230; <\/p>\n<p class=\"read-more-container\"><a title=\"POLITIQUE DE CONSERVATION\" class=\"read-more button\" href=\"https:\/\/airfryerchickenwings.com\/fr\/politique-de-conservation\/#more-15\" aria-label=\"En savoir plus sur POLITIQUE DE CONSERVATION\">Read more<\/a><\/p>\n","protected":false},"author":1,"featured_media":0,"parent":0,"menu_order":0,"comment_status":"closed","ping_status":"closed","template":"","meta":{"footnotes":""},"class_list":{"0":"post-15","1":"page","2":"type-page","3":"status-publish","5":"no-featured-image-padding"},"_links":{"self":[{"href":"https:\/\/airfryerchickenwings.com\/fr\/wp-json\/wp\/v2\/pages\/15","targetHints":{"allow":["GET"]}}],"collection":[{"href":"https:\/\/airfryerchickenwings.com\/fr\/wp-json\/wp\/v2\/pages"}],"about":[{"href":"https:\/\/airfryerchickenwings.com\/fr\/wp-json\/wp\/v2\/types\/page"}],"author":[{"embeddable":true,"href":"https:\/\/airfryerchickenwings.com\/fr\/wp-json\/wp\/v2\/users\/1"}],"replies":[{"embeddable":true,"href":"https:\/\/airfryerchickenwings.com\/fr\/wp-json\/wp\/v2\/comments?post=15"}],"version-history":[{"count":1,"href":"https:\/\/airfryerchickenwings.com\/fr\/wp-json\/wp\/v2\/pages\/15\/revisions"}],"predecessor-version":[{"id":16,"href":"https:\/\/airfryerchickenwings.com\/fr\/wp-json\/wp\/v2\/pages\/15\/revisions\/16"}],"wp:attachment":[{"href":"https:\/\/airfryerchickenwings.com\/fr\/wp-json\/wp\/v2\/media?parent=15"}],"curies":[{"name":"wp","href":"https:\/\/api.w.org\/{rel}","templated":true}]}}