{"id":19,"date":"2025-05-22T00:31:51","date_gmt":"2025-05-22T00:31:51","guid":{"rendered":"https:\/\/airfryerchickenwings.com\/fr\/?page_id=19"},"modified":"2025-05-22T00:31:51","modified_gmt":"2025-05-22T00:31:51","slug":"politique-de-confidentialite","status":"publish","type":"page","link":"https:\/\/airfryerchickenwings.com\/fr\/politique-de-confidentialite\/","title":{"rendered":"POLITIQUE DE CONFIDENTIALIT\u00c9"},"content":{"rendered":"<p>Derni\u00e8re mise \u00e0 jour\u00a0: 22 janvier 2024<\/p>\n<p>La pr\u00e9sente Politique de confidentialit\u00e9 d\u00e9crit nos politiques et proc\u00e9dures relatives \u00e0 la collecte, \u00e0 l\u2019utilisation et \u00e0 la divulgation de vos informations lorsque vous utilisez le Service. Elle vous informe \u00e9galement de vos droits en mati\u00e8re de confidentialit\u00e9 et de la mani\u00e8re dont la loi vous prot\u00e8ge.<\/p>\n<p>Nous utilisons vos donn\u00e9es personnelles pour fournir et am\u00e9liorer le Service. En utilisant le Service, vous acceptez la collecte et l\u2019utilisation de vos informations conform\u00e9ment \u00e0 la pr\u00e9sente Politique de confidentialit\u00e9.<br \/>\nInterpr\u00e9tation et d\u00e9finitions<br \/>\nInterpr\u00e9tation<\/p>\n<p>Les mots commen\u00e7ant par une majuscule ont un sens d\u00e9fini dans les conditions suivantes. Les d\u00e9finitions suivantes ont le m\u00eame sens, qu\u2019elles soient utilis\u00e9es au singulier ou au pluriel.<br \/>\nD\u00e9finitions<\/p>\n<p><span id=\"ezoic-privacy-policy-embed\"><\/span><\/p>\n<p>Aux fins de la pr\u00e9sente Politique de confidentialit\u00e9\u00a0:<\/p>\n<p>Compte d\u00e9signe un compte unique cr\u00e9\u00e9 pour vous permettre d\u2019acc\u00e9der \u00e0 notre Service ou \u00e0 certaines parties de notre Service.<br \/>\nFiliale d\u00e9signe une entit\u00e9 qui contr\u00f4le, est contr\u00f4l\u00e9e par ou est sous contr\u00f4le commun avec une partie, o\u00f9 \u00ab\u00a0contr\u00f4le\u00a0\u00bb signifie la d\u00e9tention de 50\u00a0% ou plus des actions, participations ou autres titres donnant droit de vote pour l&rsquo;\u00e9lection des administrateurs ou autres organes de gestion.<br \/>\nSoci\u00e9t\u00e9 (d\u00e9sign\u00e9e par \u00ab\u00a0la Soci\u00e9t\u00e9\u00a0\u00bb, \u00ab\u00a0Nous\u00a0\u00bb, \u00ab\u00a0Notre\u00a0\u00bb ou \u00ab\u00a0Nos\u00a0\u00bb dans le pr\u00e9sent Contrat) d\u00e9signe All Guide Recipes.<br \/>\nLes cookies sont de petits fichiers plac\u00e9s sur votre ordinateur, appareil mobile ou tout autre appareil par un site web, contenant les d\u00e9tails de votre historique de navigation sur ce site web, entre autres.<br \/>\nPays d\u00e9signe\u00a0: Royaume-Uni<br \/>\nAppareil d\u00e9signe tout appareil permettant d&rsquo;acc\u00e9der au Service, tel qu&rsquo;un ordinateur, un t\u00e9l\u00e9phone portable ou une tablette num\u00e9rique.<br \/>\nDonn\u00e9es personnelles d\u00e9signe toute information relative \u00e0 une personne physique identifi\u00e9e ou identifiable.<br \/>\nService d\u00e9signe le site web.<br \/>\nPrestataire de services d\u00e9signe toute personne physique ou morale qui traite les donn\u00e9es pour le compte de la Soci\u00e9t\u00e9. Il s&rsquo;agit des soci\u00e9t\u00e9s tierces ou des personnes employ\u00e9es par la Soci\u00e9t\u00e9 pour faciliter le Service, fournir le Service pour le compte de la Soci\u00e9t\u00e9, ex\u00e9cuter des services li\u00e9s au Service ou aider la Soci\u00e9t\u00e9 \u00e0 analyser l&rsquo;utilisation du Service.<br \/>\nLes Donn\u00e9es d&rsquo;Utilisation d\u00e9signent les donn\u00e9es collect\u00e9es automatiquement, g\u00e9n\u00e9r\u00e9es soit par l&rsquo;utilisation du Service, soit par l&rsquo;infrastructure du Service elle-m\u00eame (par exemple, la dur\u00e9e de consultation d&rsquo;une page).<br \/>\nLe Site web d\u00e9signe All Guide Recipes, accessible depuis https:\/\/airfryerchickenwings.com.<br \/>\nVous d\u00e9signe la personne qui acc\u00e8de au Service ou l&rsquo;utilise, ou la soci\u00e9t\u00e9 ou autre entit\u00e9 juridique pour le compte de laquelle cette personne acc\u00e8de au Service ou l&rsquo;utilise, selon le cas.<\/p>\n<p>Collecte et utilisation de vos donn\u00e9es personnelles<br \/>\nTypes de donn\u00e9es collect\u00e9es<br \/>\nDonn\u00e9es personnelles<\/p>\n<p>Lors de l&rsquo;utilisation de notre Service, nous pouvons vous demander de nous fournir certaines informations personnelles identifiables permettant de vous contacter ou de vous identifier. Ces informations personnelles identifiables peuvent inclure, sans s&rsquo;y limiter\u00a0:<\/p>\n<p>Adresse e-mail<br \/>\nPr\u00e9nom et nom<br \/>\nDonn\u00e9es d&rsquo;Utilisation<\/p>\n<p>Donn\u00e9es d&rsquo;Utilisation<\/p>\n<p>Les Donn\u00e9es d&rsquo;Utilisation sont collect\u00e9es automatiquement lors de l&rsquo;utilisation du Service.<\/p>\n<p>Les Donn\u00e9es d&rsquo;Utilisation peuvent inclure des informations telles que l&rsquo;adresse IP (adresse IP) de votre Appareil, le type et la version de votre navigateur, les pages de notre Service que vous consultez, la date et l&rsquo;heure de votre visite, le temps pass\u00e9 sur ces pages, les identifiants uniques de l&rsquo;appareil et d&rsquo;autres donn\u00e9es de diagnostic.<\/p>\n<p>Lorsque vous acc\u00e9dez au Service par ou via un appareil mobile, nous pouvons collecter automatiquement certaines informations, notamment le type d&rsquo;appareil mobile que vous utilisez, l&rsquo;identifiant unique de votre appareil mobile, l&rsquo;adresse IP de votre appareil mobile, le syst\u00e8me d&rsquo;exploitation de votre appareil mobile, le type de navigateur Internet mobile que vous utilisez, les identifiants uniques de l&rsquo;appareil et d&rsquo;autres donn\u00e9es de diagnostic.<\/p>\n<p>Nous pouvons \u00e9galement collecter les informations que votre navigateur envoie lorsque vous visitez notre Service ou lorsque vous y acc\u00e9dez par ou via un appareil mobile.<br \/>\nTechnologies de suivi et Cookies<\/p>\n<p>Nous utilisons des Cookies et des technologies de suivi similaires pour suivre l&rsquo;activit\u00e9 sur notre Service et stocker certaines informations. Les technologies de suivi utilis\u00e9es sont des balises, des tags et des scripts pour collecter et suivre des informations et pour am\u00e9liorer et analyser notre Service. Les technologies que nous utilisons peuvent inclure\u00a0:<\/p>\n<p>Cookies ou Cookies de navigateur. Un cookie est un petit fichier plac\u00e9 sur votre appareil. Vous pouvez configurer votre navigateur pour qu&rsquo;il refuse tous les cookies ou vous avertisse lorsqu&rsquo;un cookie est envoy\u00e9. Cependant, si vous refusez les cookies, vous risquez de ne pas pouvoir utiliser certaines parties de notre service. Sauf si vous avez configur\u00e9 votre navigateur pour qu&rsquo;il refuse les cookies, notre service peut utiliser des cookies.<br \/>\nBalises Web. Certaines sections de notre service et nos e-mails peuvent contenir de petits fichiers \u00e9lectroniques appel\u00e9s balises Web (\u00e9galement appel\u00e9s GIF invisibles, pixels invisibles et GIF \u00e0 pixel unique) qui permettent \u00e0 la Soci\u00e9t\u00e9, par exemple, de compter le nombre d&rsquo;utilisateurs ayant visit\u00e9 ces pages ou ouvert un e-mail, et d&rsquo;obtenir d&rsquo;autres statistiques sur le site web (par exemple, enregistrer la popularit\u00e9 d&rsquo;une section donn\u00e9e et v\u00e9rifier l&rsquo;int\u00e9grit\u00e9 du syst\u00e8me et du serveur).<\/p>\n<p>Les cookies peuvent \u00eatre \u00ab\u00a0persistants\u00a0\u00bb ou \u00ab\u00a0de session\u00a0\u00bb. Les cookies persistants restent sur votre ordinateur personnel ou votre appareil mobile.<\/p>\n","protected":false},"excerpt":{"rendered":"<p>Derni\u00e8re mise \u00e0 jour\u00a0: 22 janvier 2024 La pr\u00e9sente Politique de confidentialit\u00e9 d\u00e9crit nos politiques et proc\u00e9dures relatives \u00e0 la collecte, \u00e0 l\u2019utilisation et \u00e0 la divulgation de vos informations &#8230; <\/p>\n<p class=\"read-more-container\"><a title=\"POLITIQUE DE CONFIDENTIALIT\u00c9\" class=\"read-more button\" href=\"https:\/\/airfryerchickenwings.com\/fr\/politique-de-confidentialite\/#more-19\" aria-label=\"En savoir plus sur POLITIQUE DE CONFIDENTIALIT\u00c9\">Read more<\/a><\/p>\n","protected":false},"author":1,"featured_media":0,"parent":0,"menu_order":0,"comment_status":"closed","ping_status":"closed","template":"","meta":{"footnotes":""},"class_list":{"0":"post-19","1":"page","2":"type-page","3":"status-publish","5":"no-featured-image-padding"},"_links":{"self":[{"href":"https:\/\/airfryerchickenwings.com\/fr\/wp-json\/wp\/v2\/pages\/19","targetHints":{"allow":["GET"]}}],"collection":[{"href":"https:\/\/airfryerchickenwings.com\/fr\/wp-json\/wp\/v2\/pages"}],"about":[{"href":"https:\/\/airfryerchickenwings.com\/fr\/wp-json\/wp\/v2\/types\/page"}],"author":[{"embeddable":true,"href":"https:\/\/airfryerchickenwings.com\/fr\/wp-json\/wp\/v2\/users\/1"}],"replies":[{"embeddable":true,"href":"https:\/\/airfryerchickenwings.com\/fr\/wp-json\/wp\/v2\/comments?post=19"}],"version-history":[{"count":1,"href":"https:\/\/airfryerchickenwings.com\/fr\/wp-json\/wp\/v2\/pages\/19\/revisions"}],"predecessor-version":[{"id":20,"href":"https:\/\/airfryerchickenwings.com\/fr\/wp-json\/wp\/v2\/pages\/19\/revisions\/20"}],"wp:attachment":[{"href":"https:\/\/airfryerchickenwings.com\/fr\/wp-json\/wp\/v2\/media?parent=19"}],"curies":[{"name":"wp","href":"https:\/\/api.w.org\/{rel}","templated":true}]}}