{"id":9,"date":"2025-05-22T00:26:25","date_gmt":"2025-05-22T00:26:25","guid":{"rendered":"https:\/\/airfryerchickenwings.com\/fr\/?page_id=9"},"modified":"2025-05-22T00:26:25","modified_gmt":"2025-05-22T00:26:25","slug":"a-propos","status":"publish","type":"page","link":"https:\/\/airfryerchickenwings.com\/fr\/a-propos\/","title":{"rendered":"\u00c0 propos"},"content":{"rendered":"\r\n<h1 class=\"wp-block-heading\">Salut, je suis Brandy !<\/h1>\r\n\r\n\r\n\r\n<div class=\"wp-block-image\">\r\n<figure class=\"alignright\"><img loading=\"lazy\" decoding=\"async\" class=\"alignnone wp-image-225 \" src=\"\/\/airfryerchickenwings.com\/wp-content\/uploads\/2025\/02\/loook-300x291.png\" alt=\"\" width=\"203\" height=\"197\" \/><\/figure>\r\n<\/div>\r\n\r\n\r\n\r\n\r\nBienvenue dans un monde de saveurs audacieuses et de plats r\u00e9confortants irr\u00e9sistibles ! Vous y trouverez des plats gourmands et des gourmandises dont vous ignoriez l&rsquo;existence. Ayant grandi dans une maison o\u00f9 la cuisine \u00e9tait au c\u0153ur de chaque rassemblement, j&rsquo;ai appris que la nourriture n&rsquo;est pas seulement une question de nourriture, mais aussi d&rsquo;amour, de rire et de convivialit\u00e9. Je suis l\u00e0 pour partager des recettes accessibles et savoureuses qui rassemblent, car rien ne dit \u00ab je tiens \u00e0 vous \u00bb comme un plat fait maison, pr\u00e9par\u00e9 avec amour.","protected":false},"excerpt":{"rendered":"<p>Salut, je suis Brandy ! Bienvenue dans un monde de saveurs audacieuses et de plats r\u00e9confortants irr\u00e9sistibles ! Vous y trouverez des plats gourmands et des gourmandises dont vous ignoriez &#8230; <\/p>\n<p class=\"read-more-container\"><a title=\"\u00c0 propos\" class=\"read-more button\" href=\"https:\/\/airfryerchickenwings.com\/fr\/a-propos\/#more-9\" aria-label=\"En savoir plus sur \u00c0 propos\">Read more<\/a><\/p>\n","protected":false},"author":1,"featured_media":0,"parent":0,"menu_order":0,"comment_status":"closed","ping_status":"closed","template":"","meta":{"footnotes":""},"class_list":{"0":"post-9","1":"page","2":"type-page","3":"status-publish","5":"no-featured-image-padding"},"_links":{"self":[{"href":"https:\/\/airfryerchickenwings.com\/fr\/wp-json\/wp\/v2\/pages\/9","targetHints":{"allow":["GET"]}}],"collection":[{"href":"https:\/\/airfryerchickenwings.com\/fr\/wp-json\/wp\/v2\/pages"}],"about":[{"href":"https:\/\/airfryerchickenwings.com\/fr\/wp-json\/wp\/v2\/types\/page"}],"author":[{"embeddable":true,"href":"https:\/\/airfryerchickenwings.com\/fr\/wp-json\/wp\/v2\/users\/1"}],"replies":[{"embeddable":true,"href":"https:\/\/airfryerchickenwings.com\/fr\/wp-json\/wp\/v2\/comments?post=9"}],"version-history":[{"count":1,"href":"https:\/\/airfryerchickenwings.com\/fr\/wp-json\/wp\/v2\/pages\/9\/revisions"}],"predecessor-version":[{"id":10,"href":"https:\/\/airfryerchickenwings.com\/fr\/wp-json\/wp\/v2\/pages\/9\/revisions\/10"}],"wp:attachment":[{"href":"https:\/\/airfryerchickenwings.com\/fr\/wp-json\/wp\/v2\/media?parent=9"}],"curies":[{"name":"wp","href":"https:\/\/api.w.org\/{rel}","templated":true}]}}